{"id":30,"date":"2018-05-25T09:04:25","date_gmt":"2018-05-25T08:04:25","guid":{"rendered":"https:\/\/www.merovingianarchaeology.org\/blog\/?page_id=30"},"modified":"2023-01-19T11:00:19","modified_gmt":"2023-01-19T10:00:19","slug":"line-van-wersch","status":"publish","type":"page","link":"https:\/\/www.merovingianarchaeology.org\/blog\/about\/members\/line-van-wersch\/","title":{"rendered":"Dr. Line van Wersch"},"content":{"rendered":"<p>&nbsp;<\/p>\n<p>After<img loading=\"lazy\" decoding=\"async\" class=\" wp-image-175 alignleft\" src=\"https:\/\/www.merovingianarchaeology.org\/blog\/wp-content\/uploads\/2018\/06\/site-159x300.jpg\" alt=\"\" width=\"114\" height=\"215\" srcset=\"https:\/\/www.merovingianarchaeology.org\/blog\/wp-content\/uploads\/2018\/06\/site-159x300.jpg 159w, https:\/\/www.merovingianarchaeology.org\/blog\/wp-content\/uploads\/2018\/06\/site.jpg 283w\" sizes=\"auto, (max-width: 114px) 100vw, 114px\" \/>\u00a0a master thesis in history of art and archaeology, she passed a PDH in archaeology at Li\u00e8ge University. Its subject was the Merovingian glass and ceramic in the mosan valley.\u00a0 After it, she was hired as researcher by the cultural Heritage Agency of Flandres (OE). Then, she had post-doctoral positions at the University of Burgundy (France), at the University of Louvain and at the FRS-FNRS (Belgium) during which she namely studied architectural glass and mosaics. she is now working at Li\u00e8ge University for the project \u201cRural Riches\u201d.<\/p>\n<p>&nbsp;<\/p>\n<p>&nbsp;<\/p>\n<p><strong>Selected bibliography<\/strong><\/p>\n<p><strong>Van Wersch L.,<\/strong> Gratuze B., Mathis F., Bonnin M., Strivay D., Da Mota Rocha H., Sapin C., in press, The Glass Tiles from Saint-Sauveur (Burgundy, France), accepted in Journal of Glass Studies.<\/p>\n<p><strong>\u00a0<\/strong>Poux F., Neuville R., <strong>Van Wersch L<\/strong>., Nys, G.-A., Billen, R., 2017, 3D Point Clouds in Archaeology: Advances in Acquisition, Processing and Knowledge Integration Applied to Quasi-Planar Objects, Geosciences, 7, 96, doi:10.3390\/geosciences7040096<\/p>\n<p><strong>Van Wersch L<\/strong>., Loisel C., Mathis F., Strivay D., Bully S., 2016, Analyses of early Medieval stained window glass from the monastery of Baume-les-Messieurs, <em>Archaeometry<\/em>, 58, Issue 6, 930-946.<\/p>\n<p><strong>Van Wersch L<\/strong>., 2016, Merovingian ceramic and glass in the early towns of the middle Meuse valley, Early towns and artisan production in The Low Countries (500-1200), <em>Medieval and Modern Matters, <\/em>4 (2013), 133-154.<\/p>\n<p><strong>Van Wersch L<\/strong>., Mathis F., Coquinot Y., Bouquillon A., 2015, Les ateliers de potiers m\u00e9rovingiens dans la vall\u00e9e mosane\u00a0: Etude des productions, Thuiler, F. et Louis, E. (eds), <em>Tourner autour du pot&#8230; Les ateliers de potiers m\u00e9di\u00e9vaux du V<sup>e<\/sup> au XII<sup>e<\/sup> si\u00e8cle dans l\u2019espace europ\u00e9en. Actes du colloque international de Douai (5-8 octobre 2010)<\/em>, Presses universitaires de Caen, publications du CRAHAM, 487-498.<\/p>\n<p><strong>Van Wersch L<\/strong>., Biron I., Neuray Br., Mathis F., Ch\u00eane G., Strivay D., Sapin Chr., 2014, Les vitraux alto-m\u00e9di\u00e9vaux de Stavelot, <em>Arch\u00e9oscience, Revue d\u2019arch\u00e9om\u00e9trie<\/em>, 38, 219-234.<\/p>\n<p><strong>Van Wersch.<\/strong> L.<em>, <\/em>2012, <em>C\u00e9ramiques et verres m\u00e9rovingiens dans la vall\u00e9e mosane\u00a0: miroir d\u2019une civilisation en \u00e9volution (du milieu V<sup>e<\/sup> au VIII<sup>e<\/sup> si\u00e8cle)<\/em>, Annaert R., De Groote K., Hollevoet, Y., Theuws F., Tys D. et Verslype L. (\u00e9ds), <em>The very beginning of Europe ? <\/em><em>Cultural and Social Dimensions of Early-Medieval Migration and Colonisation (5<sup>th<\/sup>-8<sup>th<\/sup> century<\/em>), 205-213.<\/p>\n<p><strong>Van Wersch L<\/strong>., Van Geesbergen D., Vrielynck O., 2010, Les coupes en verre \u00e0 d\u00e9cors chr\u00e9tiens d\u00e9couvertes en Belgique (V<sup>e<\/sup> &#8211; d\u00e9but VI<sup>e<\/sup> si\u00e8cles), <em>Arch\u00e9ologie m\u00e9di\u00e9vale<\/em>, 40, 115-147.<\/p>\n<p><strong>Van Wersch L<\/strong>., Mathis Fr., Hoffsummer P., 2009, \u00c9tude des verres du haut Moyen \u00c2ge d\u00e9couverts dans l\u2019\u00e9glise des saints Herm\u00e8s et Alexandre \u00e0 Theux, Balcon-B\u00e9rry, S., Perrot, Fr. et Sapin, Chr. (dir.), Vitrail, verre et arch\u00e9ologie entre le V<sup>e<\/sup> et le XII<sup>e<\/sup> si\u00e8cle. Actes de la table ronde r\u00e9unie au Centre d\u2019\u00e9tudes m\u00e9di\u00e9vales d\u2019Auxerre, Paris, 161-170.<\/p>\n<p><strong>Van Wersch L<\/strong>., Vrielynck O., 2008, Etude du mat\u00e9riel c\u00e9ramique d\u2019un d\u00e9potoir m\u00e9rovingien en province de Namur (Belgique), Guillaume J. et Peytremann E., (\u00e9d.), L\u2019Austrasie, soci\u00e9t\u00e9, \u00e9conomies, territoires, christianisation. Actes des XXVI<sup>e<\/sup> Journ\u00e9es internationales d\u2019arch\u00e9ologie m\u00e9rovingienne, Nancy, 163-170.<\/p>\n<p><strong>Van Wersch L<\/strong>., 2006, Les fours de potiers m\u00e9rovingiens d\u00e9couverts \u00e0 Maastricht, Husi Ph., et Hincker V. (dir.), Actes du colloque international, La c\u00e9ramique du haut Moyen \u00c2ge (V<sup>e<\/sup>-X<sup>e<\/sup> si\u00e8cles) dans le nord-ouest de l\u2019Europe. Bilan et perspectives dix ans apr\u00e8s le colloque d\u2019Outreau, Caen, 27-41.<\/p>\n<p>&nbsp;<\/p>\n<p>Complete list on : <strong>https:\/\/uclouvain.be\/fr\/repertoires\/line.vanwersch<\/strong><\/p>\n","protected":false},"excerpt":{"rendered":"<p>&nbsp; After\u00a0a master thesis in history of art and archaeology, she passed a PDH in archaeology at Li\u00e8ge University. Its subject was the Merovingian glass and ceramic in the mosan valley.\u00a0 After it, she was hired as researcher by the cultural Heritage Agency of Flandres (OE). Then, she had post-doctoral positions at the University of [&hellip;]<\/p>\n","protected":false},"author":2,"featured_media":0,"parent":11,"menu_order":0,"comment_status":"closed","ping_status":"closed","template":"","meta":{"footnotes":""},"class_list":["post-30","page","type-page","status-publish","hentry"],"_links":{"self":[{"href":"https:\/\/www.merovingianarchaeology.org\/blog\/wp-json\/wp\/v2\/pages\/30","targetHints":{"allow":["GET"]}}],"collection":[{"href":"https:\/\/www.merovingianarchaeology.org\/blog\/wp-json\/wp\/v2\/pages"}],"about":[{"href":"https:\/\/www.merovingianarchaeology.org\/blog\/wp-json\/wp\/v2\/types\/page"}],"author":[{"embeddable":true,"href":"https:\/\/www.merovingianarchaeology.org\/blog\/wp-json\/wp\/v2\/users\/2"}],"replies":[{"embeddable":true,"href":"https:\/\/www.merovingianarchaeology.org\/blog\/wp-json\/wp\/v2\/comments?post=30"}],"version-history":[{"count":4,"href":"https:\/\/www.merovingianarchaeology.org\/blog\/wp-json\/wp\/v2\/pages\/30\/revisions"}],"predecessor-version":[{"id":174,"href":"https:\/\/www.merovingianarchaeology.org\/blog\/wp-json\/wp\/v2\/pages\/30\/revisions\/174"}],"up":[{"embeddable":true,"href":"https:\/\/www.merovingianarchaeology.org\/blog\/wp-json\/wp\/v2\/pages\/11"}],"wp:attachment":[{"href":"https:\/\/www.merovingianarchaeology.org\/blog\/wp-json\/wp\/v2\/media?parent=30"}],"curies":[{"name":"wp","href":"https:\/\/api.w.org\/{rel}","templated":true}]}}